{"id":72104,"date":"2024-03-07T16:33:40","date_gmt":"2024-03-07T15:33:40","guid":{"rendered":"https:\/\/rainbowcops.be\/home\/"},"modified":"2026-02-05T09:43:02","modified_gmt":"2026-02-05T08:43:02","slug":"home","status":"publish","type":"page","link":"https:\/\/rainbowcops.be\/nl\/","title":{"rendered":"Home"},"content":{"rendered":"<div class=\"et_pb_section_0 et_pb_section et_section_regular et_block_section\">\n<div class=\"et_pb_row_0 et_pb_row et_block_row\">\n<div class=\"et_pb_column_0 et_pb_column et_pb_column_4_4 et-last-child et_block_column et_pb_css_mix_blend_mode_passthrough\">\n<div class=\"et_pb_image_0 et_pb_image et_pb_module et_block_module\"><span class=\"et_pb_image_wrap\"><img loading=\"lazy\" decoding=\"async\" src=\"https:\/\/rainbowcops.be\/wp-content\/uploads\/2024\/12\/RCB_LOGO_2023_NEG_RVB-png.avif\" width=\"2118\" height=\"1350\" srcset=\"https:\/\/rainbowcops.be\/wp-content\/uploads\/2024\/12\/RCB_LOGO_2023_NEG_RVB-png.avif 2118w, https:\/\/rainbowcops.be\/wp-content\/uploads\/2024\/12\/RCB_LOGO_2023_NEG_RVB-png-400x255.avif 400w, https:\/\/rainbowcops.be\/wp-content\/uploads\/2024\/12\/RCB_LOGO_2023_NEG_RVB-300x191.avif 300w, https:\/\/rainbowcops.be\/wp-content\/uploads\/2024\/12\/RCB_LOGO_2023_NEG_RVB-1024x653.avif 1024w, https:\/\/rainbowcops.be\/wp-content\/uploads\/2024\/12\/RCB_LOGO_2023_NEG_RVB-768x490.avif 768w, https:\/\/rainbowcops.be\/wp-content\/uploads\/2024\/12\/RCB_LOGO_2023_NEG_RVB-1536x979.avif 1536w, https:\/\/rainbowcops.be\/wp-content\/uploads\/2024\/12\/RCB_LOGO_2023_NEG_RVB-2048x1305.avif 2048w, https:\/\/rainbowcops.be\/wp-content\/uploads\/2024\/12\/RCB_LOGO_2023_NEG_RVB-1080x688.avif 1080w, https:\/\/rainbowcops.be\/wp-content\/uploads\/2024\/12\/RCB_LOGO_2023_NEG_RVB-1280x816.avif 1280w, https:\/\/rainbowcops.be\/wp-content\/uploads\/2024\/12\/RCB_LOGO_2023_NEG_RVB-980x625.avif 980w, https:\/\/rainbowcops.be\/wp-content\/uploads\/2024\/12\/RCB_LOGO_2023_NEG_RVB-480x306.avif 480w\" sizes=\"(max-width: 2118px) 100vw, 2118px\" class=\"wp-image-98\" title=\"RCB_LOGO_2023_NEG_RVB\" \/><\/span><\/div>\n\n<div class=\"et_pb_text_0 et_pb_text et_pb_bg_layout_light et_pb_module et_block_module preset--module--divi-text--default\"><div class=\"et_pb_text_inner\"><p><span style=\"color: #e30614;\">\u2022 <\/span>Informeren <span style=\"color: #f39100;\">\u2022<\/span> Vormen<span style=\"color: #ffed00;\">\u2022<\/span> Ori\u00ebnteren <span style=\"color: #3baa36;\">\u2022<\/span> Sensibiliseren <span style=\"color: #72cbf4;\">\u2022<\/span><\/p>\n<\/div><\/div>\n\n<div class=\"et_pb_text_1 et_pb_text et_pb_bg_layout_light et_pb_module et_block_module preset--module--divi-text--default\"><div class=\"et_pb_text_inner\"><p>Informeren<\/p>\n<p>Vormen<\/p>\n<p>Ori\u00ebnteren<\/p>\n<p>Sensibiliseren<\/p>\n<\/div><\/div>\n<\/div>\n<\/div>\n\n<div class=\"et_pb_row_1 et_pb_row et_block_row\">\n<div class=\"et_pb_column_1 et_pb_column et_pb_column_4_4 et-last-child et_block_column et_pb_css_mix_blend_mode_passthrough\">\n<div class=\"et_pb_icon_0 et_pb_icon et_clickable et_pb_module et_block_module\"><span class=\"et_pb_icon_wrap\"><a href=\"#content\" target=\"\"><span class=\"et-pb-icon\">;<\/span><\/a><\/span><\/div>\n<\/div>\n<\/div>\n<\/div>\n\n<div class=\"et_pb_section_1 et_pb_section et_section_regular et_block_section\">\n<div class=\"et_pb_row_2 et_pb_row et_pb_equal_columns et_block_row\">\n<div class=\"et_pb_column_2 et_pb_column et_pb_column_1_2 et_block_column et_pb_css_mix_blend_mode_passthrough\">\n<div class=\"et_pb_image_1 et_pb_image et_pb_module et_block_module\"><span class=\"et_pb_image_wrap\"><img loading=\"lazy\" decoding=\"async\" src=\"https:\/\/rainbowcops.be\/wp-content\/uploads\/2025\/06\/rainbowcopsbelgium-7.jpg\" width=\"2100\" height=\"1181\" srcset=\"https:\/\/rainbowcops.be\/wp-content\/uploads\/2025\/06\/rainbowcopsbelgium-7.jpg 2100w, https:\/\/rainbowcops.be\/wp-content\/uploads\/2025\/06\/rainbowcopsbelgium-7-1280x720.jpg 1280w, https:\/\/rainbowcops.be\/wp-content\/uploads\/2025\/06\/rainbowcopsbelgium-7-980x551.jpg 980w, https:\/\/rainbowcops.be\/wp-content\/uploads\/2025\/06\/rainbowcopsbelgium-7-480x270.jpg 480w\" sizes=\"(min-width: 0px) and (max-width: 480px) 480px, (min-width: 481px) and (max-width: 980px) 980px, (min-width: 981px) and (max-width: 1280px) 1280px, (min-width: 1281px) 2100px, 100vw\" class=\"wp-image-71758\" title=\"Conf\u00e9rence Rainbow Cop\" \/><\/span><\/div>\n<\/div>\n\n<div class=\"et_pb_column_3 et_pb_column et_pb_column_1_2 et-last-child et_block_column et_pb_css_mix_blend_mode_passthrough et_animated\">\n<div class=\"et_pb_text_2 et_pb_text et_pb_bg_layout_light et_pb_module et_block_module title-highlight-center preset--module--divi-text--default\"><div class=\"et_pb_text_inner\"><h2>Het bevorderen van diversiteit en respect binnen de politie en de samenleving.<\/h2>\n<\/div><\/div>\n\n<div class=\"et_pb_text_3 et_pb_text et_pb_bg_layout_light et_pb_module et_block_module preset--module--divi-text--default\"><div class=\"et_pb_text_inner\"><p>Rainbow Cops Belgium LGBTQIA+ Police is een non-profitorganisatie die zich inzet voor de inclusie en veiligheid van LGBTQIA+-personen in Belgi\u00eb. Onder haar prioritaire missies nemen opleiding en sensibilisering een centrale plaats in. <\/p>\n<p>De vereniging is actief betrokken bij training en bewustmaking van haar politiecollega&#8217;s om de inclusiviteit en het begrip van LGBTQIA+-kwesties binnen het politiekorps te vergroten. Rainbow Cops bestrijdt ook discriminatie, steunt slachtoffers van geweld en werkt samen met andere organisaties om gelijke rechten en diversiteit te bevorderen. <\/p>\n<\/div><\/div>\n<\/div>\n<\/div>\n<\/div>\n\n<div class=\"et_pb_section_2 et_pb_section et_section_regular et_block_section\" id=\"content\"><\/div>\n\n<div class=\"et_pb_section_3 et_pb_section et_section_regular et_block_section\">\n<div class=\"et_pb_row_3 et_pb_row et_pb_gutters2 et_block_row\">\n<div class=\"et_pb_column_4 et_pb_column et_pb_column_1_3 et_block_column et_pb_css_mix_blend_mode_passthrough\">\n<div class=\"et_pb_cta_0 et_pb_promo et_pb_bg_layout_dark et_pb_module et_block_module\"><div class=\"et_pb_promo_description\"><h2 class=\"et_pb_module_header\">ONZE MISSIE<\/h2><div class=\"et_pb_promo_content\"><p><span style=\"color: #ffffff;\">Informeren, opleiden, begeleiden, bewustmaken over LGBTQIA+-thema&#8217;s<\/span><\/p>\n<\/div><\/div><div class=\"et_pb_button_wrapper\"><a class=\"et_pb_button et_pb_promo_button\" href=\"#missions\">Meer lezen<\/a><\/div><\/div>\n<\/div>\n\n<div class=\"et_pb_column_5 et_pb_column et_pb_column_1_3 et_block_column et_pb_css_mix_blend_mode_passthrough\">\n<div class=\"et_pb_cta_1 et_pb_promo et_pb_bg_layout_dark et_pb_module et_block_module\"><div class=\"et_pb_promo_description\"><h2 class=\"et_pb_module_header\">SLACHTOFFER?<\/h2><div class=\"et_pb_promo_content\"><p><span style=\"color: #ffffff;\">van discriminatie of een feit gerelateerd aan uw seksuele ori\u00ebntatie of genderidentiteit?<\/span><span style=\"color: #ffffff;\"><\/span><\/p>\n<\/div><\/div><div class=\"et_pb_button_wrapper\"><a class=\"et_pb_button et_pb_promo_button\" href=\"https:\/\/rainbowcops.be\/nl\/slachtoffer-van-discriminatie-of-een-incident-in-verband-met-uw-seksuele-geaardheid-of-genderidentiteit\/\">Wat kan ik doen?<\/a><\/div><\/div>\n<\/div>\n\n<div class=\"et_pb_column_6 et_pb_column et_pb_column_1_3 et-last-child et_block_column et_pb_css_mix_blend_mode_passthrough\">\n<div class=\"et_pb_cta_2 et_pb_promo et_pb_bg_layout_dark et_pb_module et_block_module\"><div class=\"et_pb_promo_description\"><h2 class=\"et_pb_module_header\">ONZE ONDERSTEUNING<\/h2><div class=\"et_pb_promo_content\"><p><span style=\"color: #ffffff;\">Door een donatie te doen of lid te worden, doe je meer dan ons alleen steunen!<\/span><\/p>\n<\/div><\/div><div class=\"et_pb_button_wrapper\"><a class=\"et_pb_button et_pb_promo_button\" href=\"https:\/\/rainbowcops.be\/nl\/ondersteuning-rainbow-cops-belgie\/\">Lid worden<\/a><\/div><\/div>\n<\/div>\n<\/div>\n<\/div>\n\n<div class=\"et_pb_section_4 et_pb_section et_section_regular et_block_section\">\n<div class=\"et_pb_row_4 et_pb_row et_pb_equal_columns et_block_row reorder-mobile\">\n<div class=\"et_pb_column_7 et_pb_column et_pb_column_1_2 et_block_column et_pb_css_mix_blend_mode_passthrough et_animated\">\n<div class=\"et_pb_text_4 et_pb_text et_pb_bg_layout_light et_pb_module et_block_module title-highlight-center preset--module--divi-text--default\"><div class=\"et_pb_text_inner\"><h2>ONZE MISSIES<\/h2>\n<\/div><\/div>\n\n<div class=\"et_pb_text_5 et_pb_text et_pb_bg_layout_light et_pb_module et_block_module preset--module--divi-text--default\"><div class=\"et_pb_text_inner\"><p><span font-family=\"roboto!important\"><strong>Rainbow Cops Belgium LGBTQIA+ Police<\/strong> is een vereniging zonder winstoogmerk die zich toelegt op het promoten van inclusie en veiligheid van LGBTQIA+ personen in Belgi\u00eb. Onder haar prioritaire missies nemen vorming en sensibilisering een centrale plaats in. <\/span><\/p>\n<\/div><\/div>\n<\/div>\n\n<div class=\"et_pb_column_8 et_pb_column et_pb_column_1_2 et-last-child et_block_column et_pb_css_mix_blend_mode_passthrough\">\n<div class=\"et_pb_image_2 et_pb_image et_pb_module et_block_module\"><span class=\"et_pb_image_wrap\"><img loading=\"lazy\" decoding=\"async\" src=\"https:\/\/rainbowcops.be\/wp-content\/uploads\/2025\/06\/rainbowcopsbelgium-4.jpg\" width=\"2048\" height=\"1152\" srcset=\"https:\/\/rainbowcops.be\/wp-content\/uploads\/2025\/06\/rainbowcopsbelgium-4.jpg 2048w, https:\/\/rainbowcops.be\/wp-content\/uploads\/2025\/06\/rainbowcopsbelgium-4-1280x720.jpg 1280w, https:\/\/rainbowcops.be\/wp-content\/uploads\/2025\/06\/rainbowcopsbelgium-4-980x551.jpg 980w, https:\/\/rainbowcops.be\/wp-content\/uploads\/2025\/06\/rainbowcopsbelgium-4-480x270.jpg 480w\" sizes=\"(min-width: 0px) and (max-width: 480px) 480px, (min-width: 481px) and (max-width: 980px) 980px, (min-width: 981px) and (max-width: 1280px) 1280px, (min-width: 1281px) 2048px, 100vw\" class=\"wp-image-71755\" title=\"rainbowcopsbelgium (4)\" \/><\/span><\/div>\n<\/div>\n<\/div>\n<\/div>\n\n<div class=\"et_pb_section_5 et_pb_section et_section_regular et_block_section\" id=\"missions\">\n<div class=\"et_pb_row_5 et_pb_row et_pb_row_4col et_pb_equal_columns et_pb_gutters2 et_block_row et_block_row_4col\">\n<div class=\"et_pb_column_9 et_pb_column et_pb_column_1_4 et_block_column et_pb_css_mix_blend_mode_passthrough\">\n<div class=\"et_pb_image_3 et_pb_image et_pb_module et_block_module\"><span class=\"et_pb_image_wrap\"><img loading=\"lazy\" decoding=\"async\" src=\"https:\/\/rainbowcops.be\/wp-content\/uploads\/2024\/12\/informer2.png\" width=\"862\" height=\"858\" srcset=\"https:\/\/rainbowcops.be\/wp-content\/uploads\/2024\/12\/informer2.png 862w, https:\/\/rainbowcops.be\/wp-content\/uploads\/2024\/12\/informer2-480x478.png 480w\" sizes=\"(min-width: 0px) and (max-width: 480px) 480px, (min-width: 481px) 862px, 100vw\" class=\"wp-image-71288\" title=\"informer2\" \/><\/span><\/div>\n\n<div class=\"et_pb_text_6 et_pb_text et_pb_bg_layout_dark et_pb_module et_block_module preset--module--divi-text--default\"><div class=\"et_pb_text_inner\"><p><span style=\"color: #ffffff;\">1<\/span><\/p>\n<\/div><\/div>\n\n<div class=\"et_pb_text_7 et_pb_text et_pb_bg_layout_light et_pb_module et_block_module preset--module--divi-text--default\"><div class=\"et_pb_text_inner\"><p><span style=\"font-size: x-large; color: #ff0000;\">Informeren <\/span><\/p>\n<p>et \u00e9changer des informations et des exp\u00e9riences sur les th\u00e9matiques LGBTQIA+ au sein de la police int\u00e9gr\u00e9e, afin de promouvoir le respect mutuel.<\/p>\n<\/div><\/div>\n<\/div>\n\n<div class=\"et_pb_column_10 et_pb_column et_pb_column_1_4 et_block_column et_pb_css_mix_blend_mode_passthrough\">\n<div class=\"et_pb_image_4 et_pb_image et_pb_module et_block_module\"><span class=\"et_pb_image_wrap\"><img loading=\"lazy\" decoding=\"async\" src=\"https:\/\/rainbowcops.be\/wp-content\/uploads\/2024\/12\/informer.png\" width=\"617\" height=\"556\" srcset=\"https:\/\/rainbowcops.be\/wp-content\/uploads\/2024\/12\/informer.png 617w, https:\/\/rainbowcops.be\/wp-content\/uploads\/2024\/12\/informer-480x433.png 480w\" sizes=\"(min-width: 0px) and (max-width: 480px) 480px, (min-width: 481px) 617px, 100vw\" class=\"wp-image-71286\" title=\"informer\" \/><\/span><\/div>\n\n<div class=\"et_pb_text_8 et_pb_text et_pb_bg_layout_light et_pb_module et_block_module preset--module--divi-text--default\"><div class=\"et_pb_text_inner\"><p><span style=\"color: #ffffff;\">2<\/span><\/p>\n<\/div><\/div>\n\n<div class=\"et_pb_text_9 et_pb_text et_pb_bg_layout_light et_pb_module et_block_module preset--module--divi-text--default\"><div class=\"et_pb_text_inner\"><p><span style=\"color: #f39100; font-size: x-large;\">Vormen<\/span><\/p>\n<p>Alle politiemensen opleiden zodat ze alerter zijn voor discriminatie of haatmisdrijven op basis van seksuele geaardheid of genderidentiteit.<\/p>\n<\/div><\/div>\n<\/div>\n\n<div class=\"et_pb_column_11 et_pb_column et_pb_column_1_4 et_block_column et_pb_css_mix_blend_mode_passthrough\">\n<div class=\"et_pb_image_5 et_pb_image et_pb_module et_block_module\"><span class=\"et_pb_image_wrap\"><img loading=\"lazy\" decoding=\"async\" src=\"https:\/\/rainbowcops.be\/wp-content\/uploads\/2024\/12\/orienter.png\" width=\"772\" height=\"771\" srcset=\"https:\/\/rainbowcops.be\/wp-content\/uploads\/2024\/12\/orienter.png 772w, https:\/\/rainbowcops.be\/wp-content\/uploads\/2024\/12\/orienter-480x479.png 480w\" sizes=\"(min-width: 0px) and (max-width: 480px) 480px, (min-width: 481px) 772px, 100vw\" class=\"wp-image-71289\" title=\"orienter\" \/><\/span><\/div>\n\n<div class=\"et_pb_text_10 et_pb_text et_pb_bg_layout_light et_pb_module et_block_module preset--module--divi-text--default\"><div class=\"et_pb_text_inner\"><p><span style=\"color: #ffffff;\">3<\/span><\/p>\n<\/div><\/div>\n\n<div class=\"et_pb_text_11 et_pb_text et_pb_bg_layout_light et_pb_module et_block_module preset--module--divi-text--default\"><div class=\"et_pb_text_inner\"><p><span style=\"font-size: x-large; color: #3baa36;\">Ori\u00ebnteren <\/span><\/p>\n<p>Doorverwijzen van slachtoffers van homo- of transfobe daden naar de juiste hulpverleners, zowel binnen als buiten de politie, met het oog op een correcte aangifte.<\/p>\n<\/div><\/div>\n<\/div>\n\n<div class=\"et_pb_column_12 et_pb_column et_pb_column_1_4 et-last-child et_block_column et_pb_css_mix_blend_mode_passthrough\">\n<div class=\"et_pb_image_6 et_pb_image et_pb_module et_block_module\"><span class=\"et_pb_image_wrap\"><img loading=\"lazy\" decoding=\"async\" src=\"https:\/\/rainbowcops.be\/wp-content\/uploads\/2024\/12\/sensibiliser.png\" width=\"650\" height=\"650\" srcset=\"https:\/\/rainbowcops.be\/wp-content\/uploads\/2024\/12\/sensibiliser.png 650w, https:\/\/rainbowcops.be\/wp-content\/uploads\/2024\/12\/sensibiliser-480x480.png 480w\" sizes=\"(min-width: 0px) and (max-width: 480px) 480px, (min-width: 481px) 650px, 100vw\" class=\"wp-image-71290\" title=\"sensibiliser\" \/><\/span><\/div>\n\n<div class=\"et_pb_text_12 et_pb_text et_pb_bg_layout_light et_pb_module et_block_module preset--module--divi-text--default\"><div class=\"et_pb_text_inner\"><p><span style=\"color: #ffffff;\">4<\/span><\/p>\n<\/div><\/div>\n\n<div class=\"et_pb_text_13 et_pb_text et_pb_bg_layout_light et_pb_module et_block_module preset--module--divi-text--default\"><div class=\"et_pb_text_inner\"><p><span style=\"font-size: x-large; color: #702282;\">Sensibiliseren <\/span><\/p>\n<p>over LGBTQIA+-kwesties zowel binnen als buiten de politie, op basis van ervaring opgedaan in Belgi\u00eb en op Europees niveau.<\/p>\n<\/div><\/div>\n<\/div>\n<\/div>\n\n<div class=\"et_pb_row_6 et_pb_row et_block_row\">\n<div class=\"et_pb_column_13 et_pb_column et_pb_column_4_4 et-last-child et_block_column et_pb_css_mix_blend_mode_passthrough\">\n<div class=\"et_pb_blurb_0 et_pb_blurb et_pb_bg_layout_light et_pb_blurb_position_left et_pb_module et_block_module preset--module--divi-blurb--3f51fff4-4ced-4579-8dd3-42af82010fa9\"><div class=\"et_pb_blurb_content\"><div class=\"et_pb_main_blurb_image\"><span class=\"et_pb_image_wrap\"><span class=\"et-pb-icon et_animated et_animated\">E<\/span><\/span><\/div><div class=\"et_pb_blurb_container\"><div class=\"et_pb_blurb_description\"><p>Lees meer over Rain Bow Cops Belgium op onze pagina <a href=\"https:\/\/rainbowcops.be\/nl\/over-rainbow-cops-belgie\/\">Over ons.<\/a><\/p>\n<\/div><\/div><\/div><\/div>\n<\/div>\n<\/div>\n<\/div>\n\n<div class=\"et_pb_section_6 et_pb_section et_section_regular et_block_section\">\n<div class=\"et_pb_row_7 et_pb_row et_block_row\">\n<div class=\"et_pb_column_14 et_pb_column et_pb_column_2_3 et_block_column et_pb_css_mix_blend_mode_passthrough\">\n<div class=\"et_pb_text_14 et_pb_text et_pb_bg_layout_dark et_pb_module et_block_module preset--module--divi-text--default\"><div class=\"et_pb_text_inner\"><h2>Ondersteuning Rainbow Cops Belgium<\/h2>\n<\/div><\/div>\n\n<div class=\"et_pb_text_15 et_pb_text et_pb_bg_layout_dark et_pb_module et_block_module preset--module--divi-text--default\"><div class=\"et_pb_text_inner\"><p><span style=\"color: #ffffff;\">Sinds 2012 voert RCB, dankzij jullie engagement, sensibiliserings-, informatie-, vormings- en begeleidingsacties om het wederzijds respect te bevorderen. Samen blijven we deze initiatieven binnen de politie en ver daarbuiten verder uitdragen in de komende jaren.<\/span><\/p>\n<\/div><\/div>\n<\/div>\n\n<div class=\"et_pb_column_15 et_pb_column et_pb_column_1_3 et-last-child et_block_column et_pb_css_mix_blend_mode_passthrough\">\n<div class=\"et_pb_module et_pb_button_module_wrapper et_pb_button_0_wrapper\"><a class=\"et_pb_button_0 et_pb_button et_pb_bg_layout_light et_pb_module et_block_module\" href=\"https:\/\/rainbowcops.be\/nl\/ondersteuning-rainbow-cops-belgie\/\" data-icon=\"\uf0c0\">Lid worden<\/a><\/div>\n\n<div class=\"et_pb_module et_pb_button_module_wrapper et_pb_button_1_wrapper\"><a class=\"et_pb_button_1 et_pb_button et_pb_bg_layout_light et_pb_module et_block_module\" href=\"https:\/\/rainbowcops.be\/nl\/winkel\/\" data-icon=\"\uf07a\">Online winkel<\/a><\/div>\n\n<div class=\"et_pb_module et_pb_button_module_wrapper et_pb_button_2_wrapper\"><a class=\"et_pb_button_2 et_pb_button et_pb_bg_layout_light et_pb_module et_block_module\" href=\"https:\/\/rainbowcops.be\/nl\/donation\/\" data-icon=\"\ue05c\">Donatie maken<\/a><\/div>\n<\/div>\n<\/div>\n<\/div>\n\n\n\n<div class=\"et_pb_section_8 et_pb_section et_section_regular et_flex_section\">\n<div class=\"et_pb_row_10 et_pb_row et_flex_row\">\n<div class=\"et_pb_column_21 et_pb_column et-last-child et_flex_column et_pb_css_mix_blend_mode_passthrough et_flex_column_24_24 et_flex_column_24_24_tablet et_flex_column_24_24_phone\">\n<div class=\"et_pb_text_17 et_pb_text et_pb_bg_layout_light et_pb_module et_block_module title-highlight preset--module--divi-text--default\"><div class=\"et_pb_text_inner\"><h2>Onze laatste artikelen<\/h2>\n<\/div><\/div>\n<\/div>\n<\/div>\n\n<div class=\"et_pb_row_11 et_pb_row et_flex_row\">\n<div class=\"et_pb_column_22 et_pb_column et-last-child et_flex_column et_pb_css_mix_blend_mode_passthrough et_flex_column_24_24 et_flex_column_24_24_tablet et_flex_column_24_24_phone\">\n<div class=\"et_pb_blog_0 et_pb_blog et_pb_bg_layout_light et_pb_posts et_pb_module\"><div class=\"et_pb_ajax_pagination_container\"><div class=\"et_pb_posts et_grid_module\"><article class=\"et_pb_post et_pb_post_id_72700 clearfix et_pb_blog_item_0_0 post-72700 post type-post status-publish format-standard has-post-thumbnail hentry category-ongecategoriseerd\"><div class=\"et_pb_image_container\"><a href=\"https:\/\/rainbowcops.be\/nl\/internationale-dag-van-de-rechten-van-de-vrouw-een-gezamenlijke-strijd-voor-gelijkheid\/\" class=\"entry-featured-image-url\"><img loading=\"lazy\" decoding=\"async\" src=\"https:\/\/rainbowcops.be\/wp-content\/uploads\/2026\/03\/IMG_3344.jpeg\" width=\"400\" height=\"284\" alt=\"Internationale Dag van de Rechten van de Vrouw: een gezamenlijke strijd voor gelijkheid&lt;br&gt;\" class=\"\" srcset=\"https:\/\/rainbowcops.be\/wp-content\/uploads\/2026\/03\/IMG_3344.jpeg 479w, https:\/\/rainbowcops.be\/wp-content\/uploads\/2026\/03\/IMG_3344-400x284.jpeg 480w\" sizes=\"(max-width:479px) 479px, 100vw\" \/><span data-icon=\"\ue050\" class=\"et_overlay et_pb_inline_icon\"><\/span><\/a><\/div><h2 class=\"entry-title\"><a href=\"https:\/\/rainbowcops.be\/nl\/internationale-dag-van-de-rechten-van-de-vrouw-een-gezamenlijke-strijd-voor-gelijkheid\/\">Internationale Dag van de Rechten van de Vrouw: een gezamenlijke strijd voor gelijkheid&lt;br&gt;<\/a><\/h2><p class=\"post-meta\"><span class=\"published\">8 mrt 2026<\/span><\/p><div class=\"post-content\"><div class=\"post-content-inner\"><p>Elk jaar op 8 maart herinnert de Internationale Dag van de Rechten van de Vrouw ons eraan dat gelijkheid tussen vrouwen en mannen nog steeds niet vanzelfsprekend is. Ondanks de vooruitgang die de afgelopen decennia werd geboekt, blijven discriminatie, geweld en&#8230;<\/p>\n<\/div><\/div><\/article><article class=\"et_pb_post et_pb_post_id_72635 clearfix et_pb_blog_item_0_1 post-72635 post type-post status-publish format-standard has-post-thumbnail hentry category-nieuws\"><div class=\"et_pb_image_container\"><a href=\"https:\/\/rainbowcops.be\/nl\/groeten-overzicht-van-2025-en-vooruitblik-voor-2026\/\" class=\"entry-featured-image-url\"><img loading=\"lazy\" decoding=\"async\" src=\"https:\/\/rainbowcops.be\/wp-content\/uploads\/2026\/01\/MEP-Voeux-Post-Facebook-RCB-1200x800-2026-1-1.jpg\" width=\"400\" height=\"284\" alt=\"Groeten &#8211; Overzicht van 2025 en vooruitblik voor 2026\" class=\"\" srcset=\"https:\/\/rainbowcops.be\/wp-content\/uploads\/2026\/01\/MEP-Voeux-Post-Facebook-RCB-1200x800-2026-1-1.jpg 479w, https:\/\/rainbowcops.be\/wp-content\/uploads\/2026\/01\/MEP-Voeux-Post-Facebook-RCB-1200x800-2026-1-1-400x284.jpg 480w\" sizes=\"(max-width:479px) 479px, 100vw\" \/><span data-icon=\"\ue050\" class=\"et_overlay et_pb_inline_icon\"><\/span><\/a><\/div><h2 class=\"entry-title\"><a href=\"https:\/\/rainbowcops.be\/nl\/groeten-overzicht-van-2025-en-vooruitblik-voor-2026\/\">Groeten &#8211; Overzicht van 2025 en vooruitblik voor 2026<\/a><\/h2><p class=\"post-meta\"><span class=\"published\">30 jan 2026<\/span><\/p><div class=\"post-content\"><div class=\"post-content-inner\"><p>Aan het begin van dit nieuwe jaar hebben wij het genoegen u het overzicht te bezorgen van de activiteiten van onze vereniging in het voorbije jaar. In 2025 heeft Rainbow Cops Belgium haar engagement voor diversiteit en inclusie binnen de politiediensten en de&#8230;<\/p>\n<\/div><\/div><\/article><article class=\"et_pb_post et_pb_post_id_72453 clearfix et_pb_blog_item_0_2 post-72453 post type-post status-publish format-standard has-post-thumbnail hentry category-ongecategoriseerd\"><div class=\"et_pb_image_container\"><a href=\"https:\/\/rainbowcops.be\/nl\/rainbow-cops-op-telesambre-aandacht-voor-lgbtqia-diversiteit-binnen-de-belgische-politie\/\" class=\"entry-featured-image-url\"><img loading=\"lazy\" decoding=\"async\" src=\"https:\/\/rainbowcops.be\/wp-content\/uploads\/2024\/12\/gender-baby.jpg\" width=\"400\" height=\"284\" alt=\"Rainbow Cops op T\u00e9l\u00e9sambre: aandacht voor LGBTQIA+-diversiteit binnen de Belgische politie\" class=\"\" srcset=\"https:\/\/rainbowcops.be\/wp-content\/uploads\/2024\/12\/gender-baby.jpg 479w, https:\/\/rainbowcops.be\/wp-content\/uploads\/2024\/12\/gender-baby-400x284.jpg 480w\" sizes=\"(max-width:479px) 479px, 100vw\" \/><span data-icon=\"\ue050\" class=\"et_overlay et_pb_inline_icon\"><\/span><\/a><\/div><h2 class=\"entry-title\"><a href=\"https:\/\/rainbowcops.be\/nl\/rainbow-cops-op-telesambre-aandacht-voor-lgbtqia-diversiteit-binnen-de-belgische-politie\/\">Rainbow Cops op T\u00e9l\u00e9sambre: aandacht voor LGBTQIA+-diversiteit binnen de Belgische politie<\/a><\/h2><p class=\"post-meta\"><span class=\"published\">20 dec 2024<\/span><\/p><div class=\"post-content\"><div class=\"post-content-inner\"><p>We zijn trots om onze recente deelname aan het programma Gender Baby van T\u00e9l\u00e9sambre te delen, waar we de kans kregen om te praten over het belang van diversiteit en inclusie binnen de Belgische politie. Bij Rainbow Cops zijn we ervan overtuigd dat de politie een&#8230;<\/p>\n<\/div><\/div><\/article><\/div><div class=\"pagination clearfix\">\n\t<div class=\"alignleft\"><a href=\"https:\/\/rainbowcops.be\/nl\/wp-json\/wp\/v2\/pages\/72104\/page\/2\/?et_blog\" >&laquo; Oudere Berichten<\/a><\/div>\n\t<div class=\"alignright\"><\/div>\n<\/div><\/div><\/div>\n<\/div>\n<\/div>\n<\/div>","protected":false},"excerpt":{"rendered":"","protected":false},"author":1,"featured_media":0,"parent":0,"menu_order":0,"comment_status":"closed","ping_status":"closed","template":"","meta":{"_acf_changed":false,"inline_featured_image":false,"footnotes":""},"class_list":["post-72104","page","type-page","status-publish","hentry"],"acf":[],"_links":{"self":[{"href":"https:\/\/rainbowcops.be\/nl\/wp-json\/wp\/v2\/pages\/72104","targetHints":{"allow":["GET"]}}],"collection":[{"href":"https:\/\/rainbowcops.be\/nl\/wp-json\/wp\/v2\/pages"}],"about":[{"href":"https:\/\/rainbowcops.be\/nl\/wp-json\/wp\/v2\/types\/page"}],"author":[{"embeddable":true,"href":"https:\/\/rainbowcops.be\/nl\/wp-json\/wp\/v2\/users\/1"}],"replies":[{"embeddable":true,"href":"https:\/\/rainbowcops.be\/nl\/wp-json\/wp\/v2\/comments?post=72104"}],"version-history":[{"count":29,"href":"https:\/\/rainbowcops.be\/nl\/wp-json\/wp\/v2\/pages\/72104\/revisions"}],"predecessor-version":[{"id":72680,"href":"https:\/\/rainbowcops.be\/nl\/wp-json\/wp\/v2\/pages\/72104\/revisions\/72680"}],"wp:attachment":[{"href":"https:\/\/rainbowcops.be\/nl\/wp-json\/wp\/v2\/media?parent=72104"}],"curies":[{"name":"wp","href":"https:\/\/api.w.org\/{rel}","templated":true}]}}