{"id":72154,"date":"2025-09-16T16:59:41","date_gmt":"2025-09-16T15:59:41","guid":{"rendered":"https:\/\/rainbowcops.be\/message-sent\/"},"modified":"2026-01-15T14:06:47","modified_gmt":"2026-01-15T13:06:47","slug":"message-sent","status":"publish","type":"page","link":"https:\/\/rainbowcops.be\/en\/message-sent\/","title":{"rendered":"Message sent"},"content":{"rendered":"<div class=\"et_pb_section_0 et_pb_section et_section_regular et_block_section\"><div class=\"et_pb_row_0 et_pb_row et_block_row\"><div class=\"et_pb_column_0 et_pb_column et_pb_column_4_4 et-last-child et_block_column et_pb_css_mix_blend_mode_passthrough\"><div class=\"et_pb_text_0 et_pb_text et_pb_bg_layout_light et_pb_module et_flex_module preset--module--divi-text--default\"><div class=\"et_pb_text_inner\"><h2>Merci ! Votre message a bien \u00e9t\u00e9 envoy\u00e9.<\/h2>\n<p>Nous avons bien re\u00e7u votre message. Un membre de l'\u00e9quipe de Rainbow Cops Belgium y r\u00e9pondra dans les plus brefs d\u00e9lais.<\/p>\n<p>L'\u00e9quipe de Rainbow Cops Belgium<\/p>\n<\/div><\/div><div class=\"et_pb_module et_pb_button_module_wrapper et_pb_button_0_wrapper\"><a class=\"et_pb_button_0 et_pb_button et_pb_bg_layout_light et_pb_module et_flex_module\" href=\"\/\">Retour \u00e0 la page d&#039;accueil <\/a><\/div><\/div><\/div><\/div><div class=\"et_pb_section_1 et_pb_section et_section_regular et_block_section\"><div class=\"et_pb_row_1 et_pb_row et_pb_equal_columns et_block_row\"><div class=\"et_pb_column_1 et_pb_column et_pb_column_1_3 et_block_column et_pb_column_empty et_pb_css_mix_blend_mode_passthrough\"><\/div><div class=\"et_pb_column_2 et_pb_column et_pb_column_1_3 et_block_column et_pb_css_mix_blend_mode_passthrough\"><div class=\"et_pb_text_1 et_pb_text et_pb_bg_layout_dark et_pb_module et_flex_module preset--module--divi-text--default\"><div class=\"et_pb_text_inner\"><h2>Soutenir Rainbow Cops Belgium<\/h2>\n<\/div><\/div><div class=\"et_pb_text_2 et_pb_text et_pb_bg_layout_dark et_pb_module et_flex_module preset--module--divi-text--default\"><div class=\"et_pb_text_inner\"><p><span style=\"color: #ffffff;\">Depuis 2012, gr\u00e2ce \u00e0 votre engagement, RCB m\u00e8ne des actions de sensibilisation, d'information, de formation et d'accompagnement pour promouvoir le respect mutuel. Ensemble, nous continuerons \u00e0 faire avancer ces initiatives au sein de la police et bien au-del\u00e0 dans les ann\u00e9es \u00e0 venir.<\/span><\/p>\n<\/div><\/div><\/div><div class=\"et_pb_column_3 et_pb_column et_pb_column_1_3 et-last-child et_block_column et_pb_css_mix_blend_mode_passthrough\"><div class=\"et_pb_module et_pb_button_module_wrapper et_pb_button_1_wrapper\"><a class=\"et_pb_button_1 et_pb_button et_pb_bg_layout_light et_pb_module et_flex_module\" href=\"https:\/\/rainbowcops.be\/devenir-membre\/\" data-icon=\"\uf0c0\">Devenir affili\u00e9<\/a><\/div><div class=\"et_pb_module et_pb_button_module_wrapper et_pb_button_2_wrapper\"><a class=\"et_pb_button_2 et_pb_button et_pb_bg_layout_light et_pb_module et_flex_module\" href=\"https:\/\/rainbowcops.be\/boutique\" data-icon=\"\uf07a\">Boutique en ligne<\/a><\/div><div class=\"et_pb_module et_pb_button_module_wrapper et_pb_button_3_wrapper\"><a class=\"et_pb_button_3 et_pb_button et_pb_bg_layout_light et_pb_module et_flex_module\" href=\"https:\/\/rainbowcops.be\/boutique\/faire-un-don\/\" data-icon=\"\ue05c\">Faire un don<\/a><\/div><\/div><\/div><\/div>","protected":false},"excerpt":{"rendered":"","protected":false},"author":1,"featured_media":0,"parent":0,"menu_order":0,"comment_status":"closed","ping_status":"closed","template":"","meta":{"_acf_changed":false,"inline_featured_image":false,"footnotes":""},"class_list":["post-72154","page","type-page","status-publish","hentry"],"acf":[],"_links":{"self":[{"href":"https:\/\/rainbowcops.be\/en\/wp-json\/wp\/v2\/pages\/72154","targetHints":{"allow":["GET"]}}],"collection":[{"href":"https:\/\/rainbowcops.be\/en\/wp-json\/wp\/v2\/pages"}],"about":[{"href":"https:\/\/rainbowcops.be\/en\/wp-json\/wp\/v2\/types\/page"}],"author":[{"embeddable":true,"href":"https:\/\/rainbowcops.be\/en\/wp-json\/wp\/v2\/users\/1"}],"replies":[{"embeddable":true,"href":"https:\/\/rainbowcops.be\/en\/wp-json\/wp\/v2\/comments?post=72154"}],"version-history":[{"count":4,"href":"https:\/\/rainbowcops.be\/en\/wp-json\/wp\/v2\/pages\/72154\/revisions"}],"predecessor-version":[{"id":72266,"href":"https:\/\/rainbowcops.be\/en\/wp-json\/wp\/v2\/pages\/72154\/revisions\/72266"}],"wp:attachment":[{"href":"https:\/\/rainbowcops.be\/en\/wp-json\/wp\/v2\/media?parent=72154"}],"curies":[{"name":"wp","href":"https:\/\/api.w.org\/{rel}","templated":true}]}}